{"id":27,"date":"2017-08-03T17:51:39","date_gmt":"2017-08-03T20:51:39","guid":{"rendered":"http:\/\/fundacionmenteclara.org.ar\/noticias\/?page_id=27"},"modified":"2017-08-10T02:40:02","modified_gmt":"2017-08-10T05:40:02","slug":"colaboradores","status":"publish","type":"page","link":"https:\/\/fundacionmenteclara.org.ar\/noticias\/colaboradores\/","title":{"rendered":"Colaboradores"},"content":{"rendered":"<div dir=\"ltr\">\n<div style=\"font-size: 10pt; font-family: 'Arial'; color: #000000;\">\n<h2>Fabio Leoncini<\/h2>\n<div><span style=\"font-size: medium;\"><em>Queridos lectores, para nosotros es un privilegio incorporar como colaborador de <a href=\"http:\/\/fundacionmenteclara.org.ar\/revista\" target=\"_blank\" rel=\"noopener\">Nuestra Revista Cient\u00edfica Arbitrada<\/a> a Fabio Leoncini, Economista de UBA, qui\u00e9n cuenta con un amplio quehacer acad\u00e9mico en el campo de la investigaci\u00f3n y la ejecuci\u00f3n de proyectos energ\u00e9ticos sustentables para la mejor calidad de vida de las personas en distintos pa\u00edses. <\/em><\/span><\/div>\n<div><span style=\"font-size: medium;\"><em>Hoy lo tendremos cerca nuestro ya que inici\u00f3 en Argentina un nuevo emprendimiento a trav\u00e9s de la empresa <\/em><\/span><a href=\"http:\/\/www.innowatio.com.ar\/es\/compania\" target=\"_blank\" rel=\"noopener\"><span style=\"font-size: medium;\"><em>Innowatio Argentina<\/em><\/span><\/a><span style=\"font-size: medium;\"><em> que ofrece consultas t\u00e9cnicas y planes energ\u00e9ticos para lograr una reducci\u00f3n energ\u00e9tica significativa con los beneficios consecuentes para el planeta y las personas que lo habitamos.<\/em><\/span><\/div>\n<div><\/div>\n<div><span style=\"font-size: medium;\"><em>Informamos a nuestros autores que con la incorporaci\u00f3n de Fabio tenemos un revisor m\u00e1s para lo art\u00edculos relacionados con las ciencias econ\u00f3micas, pol\u00edticas y sociales, que se suma a nuestro prestigioso staff que trabajando coordinadamente logr\u00f3 el <\/em><\/span><a href=\"http:\/\/fundacionmenteclara.org.ar\/revista\/index.php\/RCA\/announcement\" target=\"_blank\" rel=\"noopener\"><span style=\"font-size: medium;\"><em>gran impacto que logramos en Argentina y el resto del mundo.<\/em><\/span><\/a><\/div>\n<div><span style=\"font-size: medium;\"><em><br \/>\n<\/em>Fabio Leoncini, naci\u00f3 en 1965 y se gradu\u00f3 en Econom\u00eda en la Universidad de Buenos Aires, Argentina. En el a\u00f1o 1986 Ingres\u00f3 en Techint y desarrollo en esa empresa la mayor parte de su carrera. Particip\u00f3 activamente en los procesos de privatizaci\u00f3n en Argentina en los a\u00f1os 80 y principios de los a\u00f1os 90 en los sectores de energ\u00eda, ferrocarriles y telecomunicaciones. Particip\u00f3 a la adquisici\u00f3n, en 1993, de SIV (industria del vidrio italiano perteneciente a EFIM) a trav\u00e9s de una empresa mixta formada por Techint y Pilkington, y m\u00e1s tarde se convirti\u00f3 en su director financiero. En 1999, como <em>Energy Business Developer<\/em> para Tenaris Dalmine, ide\u00f3 y form\u00f3 parte de la creaci\u00f3n de Dalmine Energie, que entr\u00f3 en funcionamiento en junio de 2000 como uno de los primeros nuevos participantes en el mercado el\u00e9ctrico liberalizado de Italia. En diciembre de 2006, E.ON adquiri\u00f3 el 75% de Dalmine Energie y en noviembre de 2007 el 25% restante, para fortalecer su estrategia de crecimiento en Italia. Fue nombrado vicepresidente del Bord y ha mantenido el papel de director general hasta el 31 de diciembre de 2007, cuando se convirti\u00f3 en presidente con mandato hasta el 30 de junio de 2008. En el 2008 funda la empresa Innowatio que, como dijimos, hoy desembarc\u00f3 en Argentina.<\/span><\/div>\n<div><\/div>\n<div><\/div>\n<div><\/div>\n<\/div>\n<\/div>\n","protected":false},"excerpt":{"rendered":"<p>Fabio Leoncini Queridos lectores, para nosotros es un privilegio incorporar como colaborador de Nuestra Revista Cient\u00edfica Arbitrada a Fabio Leoncini, Economista de UBA, qui\u00e9n cuenta con un amplio quehacer acad\u00e9mico en el campo de la investigaci\u00f3n y la ejecuci\u00f3n de proyectos energ\u00e9ticos sustentables para la mejor calidad de vida de las personas en distintos pa\u00edses. &hellip; <a href=\"https:\/\/fundacionmenteclara.org.ar\/noticias\/colaboradores\/\" class=\"more-link\">Continuar leyendo<span class=\"screen-reader-text\"> &#8220;Colaboradores&#8221;<\/span><\/a><\/p>\n","protected":false},"author":1,"featured_media":0,"parent":0,"menu_order":0,"comment_status":"closed","ping_status":"closed","template":"","meta":{"footnotes":""},"class_list":["post-27","page","type-page","status-publish","hentry"],"_links":{"self":[{"href":"https:\/\/fundacionmenteclara.org.ar\/noticias\/wp-json\/wp\/v2\/pages\/27","targetHints":{"allow":["GET"]}}],"collection":[{"href":"https:\/\/fundacionmenteclara.org.ar\/noticias\/wp-json\/wp\/v2\/pages"}],"about":[{"href":"https:\/\/fundacionmenteclara.org.ar\/noticias\/wp-json\/wp\/v2\/types\/page"}],"author":[{"embeddable":true,"href":"https:\/\/fundacionmenteclara.org.ar\/noticias\/wp-json\/wp\/v2\/users\/1"}],"replies":[{"embeddable":true,"href":"https:\/\/fundacionmenteclara.org.ar\/noticias\/wp-json\/wp\/v2\/comments?post=27"}],"version-history":[{"count":5,"href":"https:\/\/fundacionmenteclara.org.ar\/noticias\/wp-json\/wp\/v2\/pages\/27\/revisions"}],"predecessor-version":[{"id":34,"href":"https:\/\/fundacionmenteclara.org.ar\/noticias\/wp-json\/wp\/v2\/pages\/27\/revisions\/34"}],"wp:attachment":[{"href":"https:\/\/fundacionmenteclara.org.ar\/noticias\/wp-json\/wp\/v2\/media?parent=27"}],"curies":[{"name":"wp","href":"https:\/\/api.w.org\/{rel}","templated":true}]}}