{"id":2,"date":"2017-07-28T04:16:08","date_gmt":"2017-07-28T04:16:08","guid":{"rendered":"http:\/\/fundacionmenteclara.org.ar\/noticias\/?page_id=2"},"modified":"2019-08-23T22:28:44","modified_gmt":"2019-08-24T01:28:44","slug":"presidente","status":"publish","type":"page","link":"https:\/\/fundacionmenteclara.org.ar\/noticias\/presidente\/","title":{"rendered":"Presidente"},"content":{"rendered":"<h1><span style=\"font-family: Bookman Old Style; font-size: x-large;\">Oscar R. G\u00f3mez<\/span><\/h1>\n<p><b>Oscar R. G\u00f3mez (Osy)<\/b> naci\u00f3 el 9 de marzo de 1956 en Puerto Belgrano, provincia de Buenos Aires, Argentina. Es un escritor, psicoanalista e investigador acad\u00e9mico, que alcanz\u00f3 renombre como integrador del budismo t\u00e1ntrico tibetano con las ciencias formales occidentales y por constitu\u00edr oficialmente la primera organizaci\u00f3n religiosa en Argentina dedicada a la practica del culto t\u00e1ntrico y de la que participan tanto ni\u00f1os como adultos.<\/p>\n<p><img loading=\"lazy\" decoding=\"async\" class=\"alignnone wp-image-24 size-full\" src=\"http:\/\/fundacionmenteclara.org.ar\/noticias\/wp-content\/uploads\/2017\/07\/osy.jpg\" alt=\"Oscar R. G\u00f3mez en la Feria del Libro de Buenos Aires\" width=\"160\" height=\"160\" srcset=\"https:\/\/fundacionmenteclara.org.ar\/noticias\/wp-content\/uploads\/2017\/07\/osy.jpg 160w, https:\/\/fundacionmenteclara.org.ar\/noticias\/wp-content\/uploads\/2017\/07\/osy-150x150.jpg 150w\" sizes=\"auto, (max-width: 160px) 85vw, 160px\" \/><\/p>\n<h2><span style=\"font-family: Bookman Old Style; font-size: xx-large;\">Biograf\u00eda<\/span><span style=\"font-family: Bookman Old Style; font-size: large;\"><br \/>\n<\/span><\/h2>\n<p>A los 12 a\u00f1os comienza a estudiar y experimentar dentro de las filosof\u00edas orientales. Iniciado primero en la Orden Rosacruz, recorre los caminos tradicionales del bhakti yoga, g\u00f1ana yoga y recibe su iniciaci\u00f3n en la pr\u00e1ctica del tantra en 1972 dentro del budismo t\u00e1ntrico tibetano.<\/p>\n<p>En paralelo con su formaci\u00f3n en las filosof\u00edas y religiones euroasi\u00e1ticas, recibe formaci\u00f3n occidental en biolog\u00eda, filosof\u00eda, psicolog\u00eda, psicoan\u00e1lisis, sociolog\u00eda y en la actual psicobiolog\u00eda.<\/p>\n<p>Con esta doble formaci\u00f3n desarroll\u00f3 un m\u00e9todo de transmisi\u00f3n de la filosof\u00eda t\u00e1ntrica que se adapta a la vida occidental, despojado de formas culturales orientales y libre de las supersticiones de los pueblos que practicaron el tantra siglos atr\u00e1s y a\u00fan as\u00ed conserva toda su tradici\u00f3n y esencia paradigm\u00e1tica.<\/p>\n<p>\u00ab<em>Esta filosof\u00eda se transfiere r\u00e1pido porque no hay tantas diferencias con la filosof\u00eda occidental, que fue tomando la visi\u00f3n del tantra bas\u00e1ndose en la noci\u00f3n de sujeto desarrollada por el tercer Dalai Lama, Sonam Gyatso y el Gran Kan Yalaluddin Muhammad Akbar e introducida en Europa por el jesuita Antonio de Montserrat<\/em>\u00bb, Osy (febrero 1995).<\/p>\n<p><span style=\"font-family: Bookman Old Style; font-size: large;\">Asimismo, de esta misma visi\u00f3n paradigm\u00e1tica y fuente (tantrismo), Osy desarroll\u00f3 una t\u00e9cnica de intervenci\u00f3n psicoterap\u00e9utica, de autoconocimiento y superaci\u00f3n personal, que llam\u00f3 Tecnolog\u00eda del deseo\u00ae \u2014tal como se desarrollaron otras dentro del C\u00edrculo de Eranos\u2014 y que se adapta a las necesidades de la vida moderna: sin misticismo, magia ni supersticiones, sustentada en el conocimiento formal occidental y accesible a todas las edades y g\u00e9neros, incluso ni\u00f1os y ancianos.<\/span><\/p>\n<p>En 1992, luego de una entrevista con S.S. el XIV Dalai Lama en Buenos Aires y junto con otros alumnos y un coordinador designado por \u00e9l, abre en su casa de Berazategui un espacio que llam\u00f3 La Casa del Tantra para que sirva de base a fin de forjar la integraci\u00f3n en el occidente acad\u00e9mico de lo que \u00e9l considera la fuente de la fenomenolog\u00eda existencial.<\/p>\n<p>En 1995, dentro de la Asociaci\u00f3n Argentina de Investigaciones Psicobiol\u00f3gicas y como director acad\u00e9mico de dicha instituci\u00f3n, crea \u2014a partir de esa Casa del Tantra\u2014 la Escuela Argentina de Tantra, que es la primera y \u00fanica instituci\u00f3n dedicada a la formaci\u00f3n en filosof\u00eda t\u00e1ntrica en la Argentina. En el a\u00f1o 2000, impulsado por un grupo de alumnos espa\u00f1oles, crea la Escuela de Tantra en Espa\u00f1a.<\/p>\n<p>Firme defensor de la claridad en la transmisi\u00f3n de las ideas, en sus clases, conferencias y escritos no utiliza terminolog\u00eda en idiomas desconocidos para el receptor (s\u00e1nscrito o tibetano, por ejemplo), lo que facilita la llegada de su mensaje y la r\u00e1pida y clara comprensi\u00f3n de los conceptos. Eso se llama Iluminaci\u00f3n. Ver la realidad tal cual es y llamar a las cosas por su nombre.<\/p>\n<p>Precisamente es aqu\u00ed donde no est\u00e1 dispuesto a renunciar al nombre Tantra como fuente de conocimiento como otros s\u00ed lo han hecho y lo llamaron primero Iluminismo luego, existencialismo, Gestalt, psicodrama o pensamiento emocional.<\/p>\n<p>\u00ab<em>Sostener el origen de una idea y encadenarla con las subsecuentes ideas generadas a partir de ella permite un continuo desarrollo del conocimiento acad\u00e9mico. Nada justifica renombrarlas y autoasignarse derechos fundacionales sobre un concepto preexistente llam\u00e1ndolo de otro modo solo para cobrar derechos de autor o no quedar excluidos de sus grupos de pertenencia como se vieron obligados a hacerlo los primeros jesuitas iniciados en el budismo t\u00e1ntrico tibetano que, en vez de t\u00e1ntricos, se denominaron alumbrados<\/em>\u00bb. Osy (febrero 1995).<\/p>\n<p>En funci\u00f3n de su trayectoria, en julio de 2005 un grupo de iniciados por Osy en la filosof\u00eda t\u00e1ntrica decide agruparse para difundir su pensamiento y, con ese fin y sin \u00e1nimo de lucro, crean la <a href=\"http:\/\/fundacionmenteclara.org.ar\" target=\"_blank\" rel=\"noopener\">Fundaci\u00f3n MenteClara<\/a> nombrandolo presidente de la misma. La presentaci\u00f3n oficial de la fundaci\u00f3n se realiz\u00f3 el mismo d\u00eda que la cena de festejo de los 10 a\u00f1os de la Escuela Argentina de Tantra y como parte de las actividades de celebraci\u00f3n.<\/p>\n<p>El 18 de diciembre de 2006, los miembros de la Fundaci\u00f3n MenteClara se re\u00fanen en sesi\u00f3n extraordinaria para constituir, en torno a \u00e9l como presidente, una entidad de car\u00e1cter religioso que llaman \u00abCulto Tantra\u00bb y que inscriben oficialmente en la Argentina con el fin de practicar p\u00fablicamente y difundir el culto t\u00e1ntrico, prohibido en 1959 con la invasi\u00f3n del T\u00edbet por China. Desde esa fecha se han iniciado en ese culto y lo siguen practicando un gran n\u00famero de seguidores de diferentes edades, ni\u00f1os y ancianos.<\/p>\n<h2><span style=\"font-family: Bookman Old Style; font-size: xx-large;\">Trabajo social realizado dentro del \u00e1mbito acad\u00e9mico formal<\/span><span style=\"font-family: Bookman Old Style; font-size: large;\"><br \/>\n<\/span><\/h2>\n<p><span style=\"font-family: Bookman Old Style; font-size: large;\">Desde 1982 y hasta el a\u00f1o 2001, dentro de la Asociaci\u00f3n Argentina de Investigaci\u00f3nes Psicobiologicas, realiz\u00f3 tareas de investigaci\u00f3n, docencia y asistencia en el campo de la salud mental desarrollando en 1995 el primer pol\u00edgrafo digital en la Argentina para realizar tratamientos con biofeedback en pacientes con lesiones por esfuerzo repetitivo (LER) y trastornos neuromusculares.<\/span><\/p>\n<p>En docencia, crea una escuela de Psicolog\u00eda Social, con dos sedes: una en la Provincia de Buenos Aires y otra en la ciudad de Buenos Aires, con formaci\u00f3n gratuita para los alumnos (a los que se le subsidiaban los vi\u00e1ticos y material de estudio) a cambio de servicio comunitario en sus respectivos lugares de residencia y una escuela de Acompa\u00f1antes Terap\u00e9uticos en la misma modalidad que la anterior.<\/p>\n<p>Como director del departamento de investigaci\u00f3n y asistencia de la AAIP crea un hospital de d\u00eda para la atenci\u00f3n de pacientes psic\u00f3ticos leves en Berazategui, provincia de Buenos Aires. Los pacientes eran atendidos por profesionales de distintas disciplinas que lo hac\u00edan gratuitamente. El dinero ingresado a la instituci\u00f3n por parte de los aportes de las obras sociales y los programas de asistencia a ONG se destinaba exclusivamente a los gastos edilicios, mejoras para la calidad en el h\u00e1bitat de los pacientes y personal no m\u00e9dico.<\/p>\n<p>En ese per\u00edodo per\u00edodo impuls\u00f3 la ejecuci\u00f3n de diversos programas de asistencia y prevenci\u00f3n en VIH en asociaci\u00f3n con la Federaci\u00f3n Internacional de Sociedades de la Cruz Roja y de la Media Luna Roja, El Ministerio de Educaci\u00f3n de la Rep\u00fablica del Paraguay y el Ministerio de Salud de la Rep\u00fablica Democr\u00e1tica del Congo, contando en todas estas intervenciones sociales con la colaboraci\u00f3n de la Municipalidad de Berazategui y el Ministerio de Salud de la provincia de Buenos Aires a cargo del Dr. Juan Jos\u00e9 Mussi.<\/p>\n<p>Como resultado de esta trayectoria de la que diversos medios dieron cuenta, en el a\u00f1o 1997 fue nombrado por el Dr. Carlos Sa\u00fal Menem Director del Programa Nacional de Atenci\u00f3n de personas en riesgo social de la Secretar\u00eda de Desarrollo Social de la Naci\u00f3n, impulsando el programa de formaci\u00f3n de Cuidadores Domiciliarios.<\/p>\n<p>En junio de 2000, las actividades acad\u00e9micas y asistenciales de la asociaci\u00f3n antes mencionada se cierran debido a una crisis financiera, las mismas razones econ\u00f3micas que tendr\u00eda Ren\u00e9 Favaloro para poner fin a su propia vida.<\/p>\n<h2><span style=\"font-family: Bookman Old Style; font-size: xx-large;\">Participaci\u00f3n por la Paz<\/span><span style=\"font-family: Bookman Old Style; font-size: large;\"><br \/>\n<\/span><\/h2>\n<p><span style=\"font-family: Bookman Old Style; font-size: large;\"><b>20 de septiembre de 2007<\/b>\u00a0&#8211; Como presidente de la Fundaci\u00f3n MenteClara es Invitado a exponer en el marco del 2\u00ba encuentro nacional contra toda forma de violencia y discriminaci\u00f3n llevado a cabo en la Universidad Tecnol\u00f3gica Nacional Argentina. Ese evento fue:<\/span><\/p>\n<p>&#8211; Declarado de Inter\u00e9s Educativo por el Ministerio de Educaci\u00f3n, Ciencias y Tecnolog\u00eda<\/p>\n<p>&#8211; Declarado de Inter\u00e9s por la Facultad de Medicina de la Universidad de Buenos Aires<\/p>\n<p>&#8211; Declarado de Inter\u00e9s Social por la Legislatura de la Ciudad de Buenos Aires<\/p>\n<h2><span style=\"font-family: Bookman Old Style; font-size: xx-large;\">Actualidad<\/span><span style=\"font-family: Bookman Old Style; font-size: large;\"><br \/>\n<\/span><\/h2>\n<p>En marzo de 2010, crea la Escuela de Psicolog\u00eda Corporal dentro de la Fundaci\u00f3n MenteClara.<\/p>\n<p>En 2014 dona una propiedad en Berazategui para realizar actividades sociales de asistencia y docencia construida en 3 plantas con capacidad para 6 aulas en la PB, 5 en PA y alojamiento para 16 personas, con terreno libre para la construcci\u00f3n de centro educativo\/asistencial (edificio de 9 pisos en terreno libre de 20&#215;50).<\/p>\n<p>En 2015 logra reunir a mas de diez de los mejores soci\u00f3logos y antrop\u00f3logos del mundo para crear una revista cient\u00edfica Open Access, gratuita, no solo para el lector sino tambi\u00e9n para el autor con el fin de promover ciencia abierta, especialmente entre aquellos investigadores de pa\u00edses en v\u00edas de desarrollo que no cuenten con presupuesto para abonar cargos de procesamiento. Y para no depender de ning\u00fan compromiso editorial, que afecte la calidad de las investigaciones publicadas, es financiada \u00edntegramente por \u00e9l.<\/p>\n<p>En la actualidad, es consultor de investigadores en el campo de la teolog\u00eda, la sociolog\u00eda, la antropolog\u00eda, la filosof\u00eda y se encuentra abocado a rescatar y traducir las obras de los primeros exploradores jesuitas catalanes del Asia central.<\/p>\n<p><span id=\"badgeCont337979\" style=\"width: 126px;\"><script src='https:\/\/labs.researcherid.com\/mashlets?el=badgeCont337979&#038;mashlet=badge&#038;showTitle=false&#038;className=a&#038;rid=A-9110-2016'><\/script><\/span><\/p>\n<h2><span style=\"font-family: Bookman Old Style; font-size: xx-large;\">Libros publicados<\/span><\/h2>\n<p><span style=\"font-family: Bookman Old Style; font-size: large;\">&#8211; \u00abManual de Tantra &#8211; Software de actualizaci\u00f3n personal\u00bb, Vol 1, Editorial Menteclara, 07\/2008, ISBN 978-987-24510-0-4<\/span><\/p>\n<p><span style=\"font-family: Bookman Old Style; font-size: large;\">&#8211; \u00abManual de Tantra &#8211; Reprogramaci\u00f3n Emocional\u00bb, Vol 2, Editorial Menteclara, 11\/2008, ISBN 978-987-24510-1-1<\/span><\/p>\n<p><span style=\"font-family: Bookman Old Style; font-size: large;\">&#8211; \u00ab<a href=\"https:\/\/www.academia.edu\/19309143\/Manual_de_Tantra_-_...desde_el_tantra_a_la_Tecnolog%C3%ADa_del_deseo_\" target=\"_blank\" rel=\"noopener\"><span style=\"font-size: large;\">Manual de Tantra &#8211; &#8230;desde el tantra a la tecnolog\u00eda del deseo<\/span><\/a>\u00bb, Vol 3, Editorial Menteclara, 11\/2009, ISBN 978-987-24510-2-8<\/span><\/p>\n<p><span style=\"font-family: Bookman Old Style; font-size: large;\">&#8211; \u00abManual de Tantra &#8211; Curso Certificado de Tantra\u00bb&#8221;, Vol 4, Editorial Menteclara, 12\/2009, ISBN 978-987-05-7510-8<\/span><\/p>\n<p><span style=\"font-family: Bookman Old Style; font-size: large;\">&#8211; \u00ab<a href=\"https:\/\/www.academia.edu\/19202701\/El_tantrismo_dentro_de_la_Compa%C3%B1%C3%ADa_de_Jes%C3%BAs\" target=\"_blank\" rel=\"noopener\"><span style=\"font-size: large;\">El tantrismo dentro de la Compa\u00f1ia de Jes\u00fas &#8211; Tantra: del T\u00edbet al Vaticano hoy<\/span><\/a>\u00bb, Editorial Menteclara, 05\/2013, ISBN 978-987-24510-3-5<\/span><\/p>\n<p><span style=\"font-family: Bookman Old Style; font-size: large;\">&#8211; \u00ab<a href=\"https:\/\/www.academia.edu\/19586252\/Antonio_de_Montserrat_-_Biograf%C3%ADa_del_primer_jesuita_iniciado_en_el_budismo_t%C3%A1ntrico_tibetano\" target=\"_blank\" rel=\"noopener\"><span style=\"font-size: large;\">Antonio de Montserrat &#8211; Biograf\u00eda del primer jesuita iniciado en el budismo t\u00e1ntrico tibetano<\/span><\/a>\u00bb, Editorial Menteclara, 12\/2015, ISBN: 978-987-24510-4-2<\/span><\/p>\n<h2><span style=\"font-family: 'Bookman Old Style'; font-size: xx-large;\">Art\u00edculos<\/span><\/h2>\n<p><span style=\"font-family: 'Bookman Old Style'; font-size: large;\">\u00ab<a href=\"https:\/\/fundacionmenteclara.org.ar\/revista\/index.php\/RCA\/article\/view\/86\/184\" target=\"_blank\" rel=\"noopener\">Antonio de Montserrat \u2013 La Ruta de la Seda y los caminos secretos del Tantra<\/a>\u00bb. Revista Cient\u00edfica Arbitrada de la Fundaci\u00f3n MenteClara, Vol 1 (1) 2016, 5-20. DOI: https:\/\/doi.org\/10.32351\/rca.v1.1.8<\/span><\/p>\n<p>\u00ab<a href=\"https:\/\/fundacionmenteclara.org.ar\/revista\/index.php\/RCA\/article\/view\/26\" target=\"_blank\" rel=\"noopener\">An\u00e1lisis cr\u00edtico del Kularnava Tantra -Parte 1- Un pr\u00f3logo viciado de sexualidad reprimida<\/a>\u00bb. Revista Cient\u00edfica Arbitrada de la Fundaci\u00f3n MenteClara, 2(1) 2017, 114-141. DOI: https:\/\/doi.org\/10.32351\/rca.v2.1.26<\/p>\n<p>\u00ab<a href=\"https:\/\/fundacionmenteclara.org.ar\/revista\/index.php\/RCA\/article\/view\/11\" target=\"_blank\" rel=\"noopener\">Tantra o Yoga. Estudios cl\u00ednicos, 1\u00aa parte: Yoga<\/a>\u00bb. Revista Cient\u00edfica Arbitrada de la Fundaci\u00f3n MenteClara, 2(2) 2017, 63-84. DOI: https:\/\/doi.org\/10.32351\/rca.v2.2.11<\/p>\n<p>\u00ab<a href=\"https:\/\/fundacionmenteclara.org.ar\/revista\/index.php\/RCA\/article\/view\/31\/72\" target=\"_blank\" rel=\"noopener\">Tantra o Yoga. Estudios cl\u00ednicos, 2\u00aa parte: Tantra<\/a>\u00bb. Revista Cient\u00edfica Arbitrada de la Fundaci\u00f3n MenteClara, 2(2) 2017, 85-116.\u00a0DOI: https:\/\/doi.org\/10.32351\/rca.v2.2.31<\/p>\n<p>\u00ab<a href=\"https:\/\/fundacionmenteclara.org.ar\/revista\/index.php\/RCA\/article\/view\/32\" target=\"_blank\" rel=\"noopener\">Tantra o Yoga. Estudios cl\u00ednicos, 3\u00aa parte: Comparativa<\/a>\u00bb. Revista Cient\u00edfica Arbitrada de la Fundaci\u00f3n MenteClara, 2(2) 2017, 117-142. DOI: https:\/\/doi.org\/10.32351\/rca.v2.2.32<\/p>\n<p>\u00ab<a href=\"https:\/\/fundacionmenteclara.org.ar\/revista\/index.php\/RCA\/article\/view\/40\" target=\"_blank\" rel=\"noopener\">Gu\u00eda editorial para la presentaci\u00f3n de art\u00edculos cient\u00edficos<\/a>\u00bb. Revista Cient\u00edfica Arbitrada de la Fundaci\u00f3n MenteClara, 3(1) 2018, 91-101. DOI: https:\/\/doi.org\/10.32351\/rca.v3.1.40<\/p>\n<h2><span style=\"font-family: Bookman Old Style; font-size: xx-large;\">Premios<\/span><\/h2>\n<p><span style=\"font-family: Bookman Old Style; font-size: large;\">Como resultado de m\u00e1s de 33 a\u00f1os de difusi\u00f3n del tantra, el 13 de junio de 2008 la Organizaci\u00f3n de las Am\u00e9ricas para la Excelencia Educativa le otorg\u00f3 el t\u00edtulo de Doctor Honoris Causa en reconocimiento a su contribuci\u00f3n para el desarrollo de las ciencias, las artes y las letras.<\/span><\/p>\n<p>&nbsp;<\/p>\n<p><span style=\"font-family: Arial; font-size: large;\">Datos extra\u00eddos de: Wikipedia,\u00a0<a href=\"https:\/\/en.wikipedia.org\/wiki\/Oscar_R._G%C3%B3mez\" target=\"_blank\" rel=\"noopener\"><span style=\"font-size: large;\">The Free Encyclopedia<\/span><\/a>,\u00a0<a href=\"https:\/\/datahub.io\/dataset\/0000-0003-4469-8298\" target=\"_blank\" rel=\"noopener\"><span style=\"font-size: large;\">Datahub<\/span><\/a>\u00a0y\u00a0<a href=\"http:\/\/orcid.org\/0000-0003-4469-8298\" target=\"_blank\" rel=\"noopener\"><span style=\"font-size: large;\">ORCID<\/span><\/a><\/span><\/p>\n<p><script async src=\"\/\/pagead2.googlesyndication.com\/pagead\/js\/adsbygoogle.js\"><\/script><br \/>\n<!-- 728x90, horizontal --><br \/>\n<ins class=\"adsbygoogle\"\n     style=\"display:inline-block;width:468px;height:60px\"\n     data-ad-client=\"ca-pub-8516019742042948\"\n     data-ad-slot=\"4856976729\"><\/ins><br \/>\n<script>\n(adsbygoogle = window.adsbygoogle || []).push({});\n<\/script><\/p>\n<p><script async src=\"\/\/pagead2.googlesyndication.com\/pagead\/js\/adsbygoogle.js\"><\/script><br \/>\n<!-- 728x90, horizontal --><br \/>\n<ins class=\"adsbygoogle\"\n     style=\"display:inline-block;width:468px;height:60px\"\n     data-ad-client=\"ca-pub-8516019742042948\"\n     data-ad-slot=\"4856976729\"><\/ins><br \/>\n<script><br \/>\n(adsbygoogle = window.adsbygoogle || []).push({});<br \/>\n<\/script\n<\/p>\n","protected":false},"excerpt":{"rendered":"<p>Oscar R. G\u00f3mez Oscar R. G\u00f3mez (Osy) naci\u00f3 el 9 de marzo de 1956 en Puerto Belgrano, provincia de Buenos Aires, Argentina. Es un escritor, psicoanalista e investigador acad\u00e9mico, que alcanz\u00f3 renombre como integrador del budismo t\u00e1ntrico tibetano con las ciencias formales occidentales y por constitu\u00edr oficialmente la primera organizaci\u00f3n religiosa en Argentina dedicada a &hellip; <a href=\"https:\/\/fundacionmenteclara.org.ar\/noticias\/presidente\/\" class=\"more-link\">Continuar leyendo<span class=\"screen-reader-text\"> &#8220;Presidente&#8221;<\/span><\/a><\/p>\n","protected":false},"author":1,"featured_media":0,"parent":0,"menu_order":0,"comment_status":"closed","ping_status":"open","template":"","meta":{"footnotes":""},"class_list":["post-2","page","type-page","status-publish","hentry"],"_links":{"self":[{"href":"https:\/\/fundacionmenteclara.org.ar\/noticias\/wp-json\/wp\/v2\/pages\/2","targetHints":{"allow":["GET"]}}],"collection":[{"href":"https:\/\/fundacionmenteclara.org.ar\/noticias\/wp-json\/wp\/v2\/pages"}],"about":[{"href":"https:\/\/fundacionmenteclara.org.ar\/noticias\/wp-json\/wp\/v2\/types\/page"}],"author":[{"embeddable":true,"href":"https:\/\/fundacionmenteclara.org.ar\/noticias\/wp-json\/wp\/v2\/users\/1"}],"replies":[{"embeddable":true,"href":"https:\/\/fundacionmenteclara.org.ar\/noticias\/wp-json\/wp\/v2\/comments?post=2"}],"version-history":[{"count":18,"href":"https:\/\/fundacionmenteclara.org.ar\/noticias\/wp-json\/wp\/v2\/pages\/2\/revisions"}],"predecessor-version":[{"id":103,"href":"https:\/\/fundacionmenteclara.org.ar\/noticias\/wp-json\/wp\/v2\/pages\/2\/revisions\/103"}],"wp:attachment":[{"href":"https:\/\/fundacionmenteclara.org.ar\/noticias\/wp-json\/wp\/v2\/media?parent=2"}],"curies":[{"name":"wp","href":"https:\/\/api.w.org\/{rel}","templated":true}]}}